{"id":488,"date":"2021-01-01T08:50:26","date_gmt":"2021-01-01T08:50:26","guid":{"rendered":"https:\/\/webdevcode.com\/wp\/pylon\/live\/?page_id=488"},"modified":"2024-11-22T17:43:54","modified_gmt":"2024-11-22T17:43:54","slug":"service","status":"publish","type":"page","link":"https:\/\/thexpertconsulting.com\/index.php\/service\/","title":{"rendered":"Service"},"content":{"rendered":"\t\t<div data-elementor-type=\"wp-page\" data-elementor-id=\"488\" class=\"elementor elementor-488\">\n\t\t\t\t\t\t<section class=\"elementor-section elementor-top-section elementor-element elementor-element-7d1bf71 pylon-column-stretched-none elementor-section-boxed elementor-section-height-default elementor-section-height-default\" data-id=\"7d1bf71\" data-element_type=\"section\" data-e-type=\"section\">\n\t\t\t\t\t\t<div class=\"elementor-container elementor-column-gap-default\">\n\t\t\t\t\t<div class=\"elementor-column elementor-col-100 elementor-top-column elementor-element elementor-element-14a31c0\" data-id=\"14a31c0\" data-element_type=\"column\" data-e-type=\"column\">\n\t\t\t<div class=\"elementor-widget-wrap elementor-element-populated\">\n\t\t\t\t\t\t<div class=\"elementor-element elementor-element-558fb67 elementor-widget elementor-widget-pylon_service\" data-id=\"558fb67\" data-element_type=\"widget\" data-e-type=\"widget\" data-widget_type=\"pylon_service.default\">\n\t\t\t\t<div class=\"elementor-widget-container\">\n\t\t\t\t\t        <div class=\"row\">\r\n                            <div class=\"col-lg-4\">\r\n                       \r\n                    <div class=\"service-one__card\">\r\n                                                    <div class=\"service-one__image\">\r\n                              <a href=\"https:\/\/thexpertconsulting.com\/index.php\/pylon_service\/seminaire-international-sur-le-contenu-local-en-afrique\/\">\t\t<a class=\"post-thumbnail\" href=\"https:\/\/thexpertconsulting.com\/index.php\/pylon_service\/seminaire-international-sur-le-contenu-local-en-afrique\/\" aria-hidden=\"true\" tabindex=\"-1\">\r\n\t\t\t<img fetchpriority=\"high\" decoding=\"async\" width=\"540\" height=\"497\" src=\"https:\/\/thexpertconsulting.com\/wp-content\/uploads\/2024\/11\/Local-Cont-1.jpg\" class=\"attachment-post-thumbnail size-post-thumbnail wp-post-image\" alt=\"S\u00e9minaire International sur le Contenu Local en Afrique\" srcset=\"https:\/\/thexpertconsulting.com\/wp-content\/uploads\/2024\/11\/Local-Cont-1.jpg 540w, https:\/\/thexpertconsulting.com\/wp-content\/uploads\/2024\/11\/Local-Cont-1-300x276.jpg 300w\" sizes=\"(max-width: 540px) 100vw, 540px\" \/>\t\t<\/a>\r\n\t\t<\/a>  \r\n                            <\/div>\r\n                                                <div class=\"service-one__content\">\r\n                            <a href=\"https:\/\/thexpertconsulting.com\/index.php\/pylon_service\/seminaire-international-sur-le-contenu-local-en-afrique\/\">                                <div class=\"service-icon\">\r\n                                    <i class=\"flaticon-document\"><\/i>\r\n                                <\/div>\r\n                            <\/a>                                                     <h3><a href=\"https:\/\/thexpertconsulting.com\/index.php\/pylon_service\/seminaire-international-sur-le-contenu-local-en-afrique\/\">S\u00e9minaire International sur le Contenu Local en Afrique<\/a><\/h3>\r\n                                                        <p>Ce s\u00e9minaire vise \u00e0 renforcer les capacit\u00e9s des acteurs du secteur extractif en mati\u00e8re d\u2019analyse des enjeux et\u2026<\/p>\r\n                                                <\/div>\r\n                    <\/div>\r\n                                    <\/div>\r\n                            <div class=\"col-lg-4\">\r\n                       \r\n                    <div class=\"service-one__card\">\r\n                                                    <div class=\"service-one__image\">\r\n                              <a href=\"https:\/\/thexpertconsulting.com\/index.php\/pylon_service\/certification-rse-et-transition-ecologique\/\">\t\t<a class=\"post-thumbnail\" href=\"https:\/\/thexpertconsulting.com\/index.php\/pylon_service\/certification-rse-et-transition-ecologique\/\" aria-hidden=\"true\" tabindex=\"-1\">\r\n\t\t\t<img decoding=\"async\" width=\"770\" height=\"460\" src=\"https:\/\/thexpertconsulting.com\/wp-content\/uploads\/2024\/11\/elemt-30.jpg\" class=\"attachment-post-thumbnail size-post-thumbnail wp-post-image\" alt=\"Certification, RSE et Transition \u00e9cologique\" srcset=\"https:\/\/thexpertconsulting.com\/wp-content\/uploads\/2024\/11\/elemt-30.jpg 770w, https:\/\/thexpertconsulting.com\/wp-content\/uploads\/2024\/11\/elemt-30-300x179.jpg 300w, https:\/\/thexpertconsulting.com\/wp-content\/uploads\/2024\/11\/elemt-30-768x459.jpg 768w\" sizes=\"(max-width: 770px) 100vw, 770px\" \/>\t\t<\/a>\r\n\t\t<\/a>  \r\n                            <\/div>\r\n                                                <div class=\"service-one__content\">\r\n                            <a href=\"https:\/\/thexpertconsulting.com\/index.php\/pylon_service\/certification-rse-et-transition-ecologique\/\">                                <div class=\"service-icon\">\r\n                                    <i class=\"flaticon-discussion\"><\/i>\r\n                                <\/div>\r\n                            <\/a>                                                     <h3><a href=\"https:\/\/thexpertconsulting.com\/index.php\/pylon_service\/certification-rse-et-transition-ecologique\/\">Certification, RSE et Transition \u00e9cologique<\/a><\/h3>\r\n                                                        <p>L'audit, la Conception et l'op\u00e9rationnalisation de la strat\u00e9gie de d\u00e9veloppement durable, etc..<\/p>\r\n                                                <\/div>\r\n                    <\/div>\r\n                                    <\/div>\r\n                            <div class=\"col-lg-4\">\r\n                       \r\n                    <div class=\"service-one__card\">\r\n                                                    <div class=\"service-one__image\">\r\n                              <a href=\"https:\/\/thexpertconsulting.com\/index.php\/pylon_service\/local-content\/\">\t\t<a class=\"post-thumbnail\" href=\"https:\/\/thexpertconsulting.com\/index.php\/pylon_service\/local-content\/\" aria-hidden=\"true\" tabindex=\"-1\">\r\n\t\t\t<img decoding=\"async\" width=\"770\" height=\"460\" src=\"https:\/\/thexpertconsulting.com\/wp-content\/uploads\/2024\/11\/elemt-33.jpg\" class=\"attachment-post-thumbnail size-post-thumbnail wp-post-image\" alt=\"Local Content\" srcset=\"https:\/\/thexpertconsulting.com\/wp-content\/uploads\/2024\/11\/elemt-33.jpg 770w, https:\/\/thexpertconsulting.com\/wp-content\/uploads\/2024\/11\/elemt-33-300x179.jpg 300w, https:\/\/thexpertconsulting.com\/wp-content\/uploads\/2024\/11\/elemt-33-768x459.jpg 768w\" sizes=\"(max-width: 770px) 100vw, 770px\" \/>\t\t<\/a>\r\n\t\t<\/a>  \r\n                            <\/div>\r\n                                                <div class=\"service-one__content\">\r\n                            <a href=\"https:\/\/thexpertconsulting.com\/index.php\/pylon_service\/local-content\/\">                                <div class=\"service-icon\">\r\n                                    <i class=\"fas fa-gas-pump\"><\/i>\r\n                                <\/div>\r\n                            <\/a>                                                     <h3><a href=\"https:\/\/thexpertconsulting.com\/index.php\/pylon_service\/local-content\/\">Local Content<\/a><\/h3>\r\n                                                        <p>Elaboration et mise en oeuvre de la politique de contenu local, Assistance juridique\/RH & dans la mise en\u2026<\/p>\r\n                                                <\/div>\r\n                    <\/div>\r\n                                    <\/div>\r\n                            <div class=\"col-lg-4\">\r\n                       \r\n                    <div class=\"service-one__card\">\r\n                                                    <div class=\"service-one__image\">\r\n                              <a href=\"https:\/\/thexpertconsulting.com\/index.php\/pylon_service\/pme-tpme\/\">\t\t<a class=\"post-thumbnail\" href=\"https:\/\/thexpertconsulting.com\/index.php\/pylon_service\/pme-tpme\/\" aria-hidden=\"true\" tabindex=\"-1\">\r\n\t\t\t<img loading=\"lazy\" decoding=\"async\" width=\"770\" height=\"460\" src=\"https:\/\/thexpertconsulting.com\/wp-content\/uploads\/2024\/11\/elemt-35.jpg\" class=\"attachment-post-thumbnail size-post-thumbnail wp-post-image\" alt=\"PME &#038; TPME\" srcset=\"https:\/\/thexpertconsulting.com\/wp-content\/uploads\/2024\/11\/elemt-35.jpg 770w, https:\/\/thexpertconsulting.com\/wp-content\/uploads\/2024\/11\/elemt-35-300x179.jpg 300w, https:\/\/thexpertconsulting.com\/wp-content\/uploads\/2024\/11\/elemt-35-768x459.jpg 768w\" sizes=\"(max-width: 770px) 100vw, 770px\" \/>\t\t<\/a>\r\n\t\t<\/a>  \r\n                            <\/div>\r\n                                                <div class=\"service-one__content\">\r\n                            <a href=\"https:\/\/thexpertconsulting.com\/index.php\/pylon_service\/pme-tpme\/\">                                <div class=\"service-icon\">\r\n                                    <i class=\"fas fa-network-wired\"><\/i>\r\n                                <\/div>\r\n                            <\/a>                                                     <h3><a href=\"https:\/\/thexpertconsulting.com\/index.php\/pylon_service\/pme-tpme\/\">PME &#038; TPME<\/a><\/h3>\r\n                                                        <p>Conseil Juridique & RH, Diagnostic organisationnel et op\u00e9rationnel, Communication & \u00c9v\u00e9nementiel<\/p>\r\n                                                <\/div>\r\n                    <\/div>\r\n                                    <\/div>\r\n                            <div class=\"col-lg-4\">\r\n                       \r\n                    <div class=\"service-one__card\">\r\n                                                    <div class=\"service-one__image\">\r\n                              <a href=\"https:\/\/thexpertconsulting.com\/index.php\/pylon_service\/communication\/\">\t\t<a class=\"post-thumbnail\" href=\"https:\/\/thexpertconsulting.com\/index.php\/pylon_service\/communication\/\" aria-hidden=\"true\" tabindex=\"-1\">\r\n\t\t\t<img loading=\"lazy\" decoding=\"async\" width=\"770\" height=\"460\" src=\"https:\/\/thexpertconsulting.com\/wp-content\/uploads\/2024\/11\/elemt-26.jpg\" class=\"attachment-post-thumbnail size-post-thumbnail wp-post-image\" alt=\"Communication\" srcset=\"https:\/\/thexpertconsulting.com\/wp-content\/uploads\/2024\/11\/elemt-26.jpg 770w, https:\/\/thexpertconsulting.com\/wp-content\/uploads\/2024\/11\/elemt-26-300x179.jpg 300w, https:\/\/thexpertconsulting.com\/wp-content\/uploads\/2024\/11\/elemt-26-768x459.jpg 768w\" sizes=\"(max-width: 770px) 100vw, 770px\" \/>\t\t<\/a>\r\n\t\t<\/a>  \r\n                            <\/div>\r\n                                                <div class=\"service-one__content\">\r\n                            <a href=\"https:\/\/thexpertconsulting.com\/index.php\/pylon_service\/communication\/\">                                <div class=\"service-icon\">\r\n                                    <i class=\"flaticon-document\"><\/i>\r\n                                <\/div>\r\n                            <\/a>                                                     <h3><a href=\"https:\/\/thexpertconsulting.com\/index.php\/pylon_service\/communication\/\">Communication<\/a><\/h3>\r\n                                                        <p>There are many variations of passages of lorem ipsum available the majority have some.<\/p>\r\n                                                <\/div>\r\n                    <\/div>\r\n                                    <\/div>\r\n                            <div class=\"col-lg-4\">\r\n                       \r\n                    <div class=\"service-one__card\">\r\n                                                    <div class=\"service-one__image\">\r\n                              <a href=\"https:\/\/thexpertconsulting.com\/index.php\/pylon_service\/conception-de-politiques-et-procedures-rh\/\">\t\t<a class=\"post-thumbnail\" href=\"https:\/\/thexpertconsulting.com\/index.php\/pylon_service\/conception-de-politiques-et-procedures-rh\/\" aria-hidden=\"true\" tabindex=\"-1\">\r\n\t\t\t<img loading=\"lazy\" decoding=\"async\" width=\"770\" height=\"460\" src=\"https:\/\/thexpertconsulting.com\/wp-content\/uploads\/2024\/11\/elemt-24.jpg\" class=\"attachment-post-thumbnail size-post-thumbnail wp-post-image\" alt=\"Conception de politiques et proc\u00e9dures RH\" srcset=\"https:\/\/thexpertconsulting.com\/wp-content\/uploads\/2024\/11\/elemt-24.jpg 770w, https:\/\/thexpertconsulting.com\/wp-content\/uploads\/2024\/11\/elemt-24-300x179.jpg 300w, https:\/\/thexpertconsulting.com\/wp-content\/uploads\/2024\/11\/elemt-24-768x459.jpg 768w\" sizes=\"(max-width: 770px) 100vw, 770px\" \/>\t\t<\/a>\r\n\t\t<\/a>  \r\n                            <\/div>\r\n                                                <div class=\"service-one__content\">\r\n                            <a href=\"https:\/\/thexpertconsulting.com\/index.php\/pylon_service\/conception-de-politiques-et-procedures-rh\/\">                                <div class=\"service-icon\">\r\n                                    <i class=\"flaticon-document\"><\/i>\r\n                                <\/div>\r\n                            <\/a>                                                     <h3><a href=\"https:\/\/thexpertconsulting.com\/index.php\/pylon_service\/conception-de-politiques-et-procedures-rh\/\">Conception de politiques et proc\u00e9dures RH<\/a><\/h3>\r\n                                                        <p>There are many variations of passages of lorem ipsum available the majority have some.<\/p>\r\n                                                <\/div>\r\n                    <\/div>\r\n                                    <\/div>\r\n                            <div class=\"col-lg-4\">\r\n                       \r\n                    <div class=\"service-one__card\">\r\n                                                    <div class=\"service-one__image\">\r\n                              <a href=\"https:\/\/thexpertconsulting.com\/index.php\/pylon_service\/comptabilite-fiscalite\/\">\t\t<a class=\"post-thumbnail\" href=\"https:\/\/thexpertconsulting.com\/index.php\/pylon_service\/comptabilite-fiscalite\/\" aria-hidden=\"true\" tabindex=\"-1\">\r\n\t\t\t<img loading=\"lazy\" decoding=\"async\" width=\"770\" height=\"460\" src=\"https:\/\/thexpertconsulting.com\/wp-content\/uploads\/2024\/11\/elemt-23.jpg\" class=\"attachment-post-thumbnail size-post-thumbnail wp-post-image\" alt=\"Comptabilit\u00e9 &#038; Fiscalit\u00e9\" srcset=\"https:\/\/thexpertconsulting.com\/wp-content\/uploads\/2024\/11\/elemt-23.jpg 770w, https:\/\/thexpertconsulting.com\/wp-content\/uploads\/2024\/11\/elemt-23-300x179.jpg 300w, https:\/\/thexpertconsulting.com\/wp-content\/uploads\/2024\/11\/elemt-23-768x459.jpg 768w\" sizes=\"(max-width: 770px) 100vw, 770px\" \/>\t\t<\/a>\r\n\t\t<\/a>  \r\n                            <\/div>\r\n                                                <div class=\"service-one__content\">\r\n                            <a href=\"https:\/\/thexpertconsulting.com\/index.php\/pylon_service\/comptabilite-fiscalite\/\">                                <div class=\"service-icon\">\r\n                                    <i class=\"flaticon-car-loan\"><\/i>\r\n                                <\/div>\r\n                            <\/a>                                                     <h3><a href=\"https:\/\/thexpertconsulting.com\/index.php\/pylon_service\/comptabilite-fiscalite\/\">Comptabilit\u00e9 &#038; Fiscalit\u00e9<\/a><\/h3>\r\n                                                        <p>There are many variations of passages of lorem ipsum available the majority have some.<\/p>\r\n                                                <\/div>\r\n                    <\/div>\r\n                                    <\/div>\r\n                            <div class=\"col-lg-4\">\r\n                       \r\n                    <div class=\"service-one__card\">\r\n                                                    <div class=\"service-one__image\">\r\n                              <a href=\"https:\/\/thexpertconsulting.com\/index.php\/pylon_service\/formation\/\">\t\t<a class=\"post-thumbnail\" href=\"https:\/\/thexpertconsulting.com\/index.php\/pylon_service\/formation\/\" aria-hidden=\"true\" tabindex=\"-1\">\r\n\t\t\t<img loading=\"lazy\" decoding=\"async\" width=\"770\" height=\"460\" src=\"https:\/\/thexpertconsulting.com\/wp-content\/uploads\/2024\/11\/elemt-21.jpg\" class=\"attachment-post-thumbnail size-post-thumbnail wp-post-image\" alt=\"Formation\" srcset=\"https:\/\/thexpertconsulting.com\/wp-content\/uploads\/2024\/11\/elemt-21.jpg 770w, https:\/\/thexpertconsulting.com\/wp-content\/uploads\/2024\/11\/elemt-21-300x179.jpg 300w, https:\/\/thexpertconsulting.com\/wp-content\/uploads\/2024\/11\/elemt-21-768x459.jpg 768w\" sizes=\"(max-width: 770px) 100vw, 770px\" \/>\t\t<\/a>\r\n\t\t<\/a>  \r\n                            <\/div>\r\n                                                <div class=\"service-one__content\">\r\n                            <a href=\"https:\/\/thexpertconsulting.com\/index.php\/pylon_service\/formation\/\">                                <div class=\"service-icon\">\r\n                                    <i class=\"flaticon-car-loan\"><\/i>\r\n                                <\/div>\r\n                            <\/a>                                                     <h3><a href=\"https:\/\/thexpertconsulting.com\/index.php\/pylon_service\/formation\/\">Formation<\/a><\/h3>\r\n                                                        <p>There are many variations of passages of lorem ipsum available the majority have some.<\/p>\r\n                                                <\/div>\r\n                    <\/div>\r\n                                    <\/div>\r\n                            <div class=\"col-lg-4\">\r\n                       \r\n                    <div class=\"service-one__card\">\r\n                                                    <div class=\"service-one__image\">\r\n                              <a href=\"https:\/\/thexpertconsulting.com\/index.php\/pylon_service\/recrutement\/\">\t\t<a class=\"post-thumbnail\" href=\"https:\/\/thexpertconsulting.com\/index.php\/pylon_service\/recrutement\/\" aria-hidden=\"true\" tabindex=\"-1\">\r\n\t\t\t<img loading=\"lazy\" decoding=\"async\" width=\"770\" height=\"460\" src=\"https:\/\/thexpertconsulting.com\/wp-content\/uploads\/2024\/11\/elemt-19.jpg\" class=\"attachment-post-thumbnail size-post-thumbnail wp-post-image\" alt=\"Recrutement\" srcset=\"https:\/\/thexpertconsulting.com\/wp-content\/uploads\/2024\/11\/elemt-19.jpg 770w, https:\/\/thexpertconsulting.com\/wp-content\/uploads\/2024\/11\/elemt-19-300x179.jpg 300w, https:\/\/thexpertconsulting.com\/wp-content\/uploads\/2024\/11\/elemt-19-768x459.jpg 768w\" sizes=\"(max-width: 770px) 100vw, 770px\" \/>\t\t<\/a>\r\n\t\t<\/a>  \r\n                            <\/div>\r\n                                                <div class=\"service-one__content\">\r\n                            <a href=\"https:\/\/thexpertconsulting.com\/index.php\/pylon_service\/recrutement\/\">                                <div class=\"service-icon\">\r\n                                    <i class=\"flaticon-discussion\"><\/i>\r\n                                <\/div>\r\n                            <\/a>                                                     <h3><a href=\"https:\/\/thexpertconsulting.com\/index.php\/pylon_service\/recrutement\/\">Recrutement<\/a><\/h3>\r\n                                                        <p>There are many variations of passages of lorem ipsum available the majority have some.<\/p>\r\n                                                <\/div>\r\n                    <\/div>\r\n                                    <\/div>\r\n                            <div class=\"col-lg-4\">\r\n                       \r\n                    <div class=\"service-one__card\">\r\n                                                    <div class=\"service-one__image\">\r\n                              <a href=\"https:\/\/thexpertconsulting.com\/index.php\/pylon_service\/transformation-digitale\/\">\t\t<a class=\"post-thumbnail\" href=\"https:\/\/thexpertconsulting.com\/index.php\/pylon_service\/transformation-digitale\/\" aria-hidden=\"true\" tabindex=\"-1\">\r\n\t\t\t<img loading=\"lazy\" decoding=\"async\" width=\"770\" height=\"460\" src=\"https:\/\/thexpertconsulting.com\/wp-content\/uploads\/2020\/12\/service-two.jpg\" class=\"attachment-post-thumbnail size-post-thumbnail wp-post-image\" alt=\"Transformation digitale\" srcset=\"https:\/\/thexpertconsulting.com\/wp-content\/uploads\/2020\/12\/service-two.jpg 770w, https:\/\/thexpertconsulting.com\/wp-content\/uploads\/2020\/12\/service-two-300x179.jpg 300w, https:\/\/thexpertconsulting.com\/wp-content\/uploads\/2020\/12\/service-two-768x459.jpg 768w, https:\/\/thexpertconsulting.com\/wp-content\/uploads\/2020\/12\/service-two-600x358.jpg 600w\" sizes=\"(max-width: 770px) 100vw, 770px\" \/>\t\t<\/a>\r\n\t\t<\/a>  \r\n                            <\/div>\r\n                                                <div class=\"service-one__content\">\r\n                            <a href=\"https:\/\/thexpertconsulting.com\/index.php\/pylon_service\/transformation-digitale\/\">                                <div class=\"service-icon\">\r\n                                    <i class=\"flaticon-discussion\"><\/i>\r\n                                <\/div>\r\n                            <\/a>                                                     <h3><a href=\"https:\/\/thexpertconsulting.com\/index.php\/pylon_service\/transformation-digitale\/\">Transformation digitale<\/a><\/h3>\r\n                                                        <p>There are many variations of passages of lorem ipsum available the majority have some.<\/p>\r\n                                                <\/div>\r\n                    <\/div>\r\n                                    <\/div>\r\n                            <div class=\"col-lg-4\">\r\n                       \r\n                    <div class=\"service-one__card\">\r\n                                                    <div class=\"service-one__image\">\r\n                              <a href=\"https:\/\/thexpertconsulting.com\/index.php\/pylon_service\/audits-et-etudes\/\">\t\t<a class=\"post-thumbnail\" href=\"https:\/\/thexpertconsulting.com\/index.php\/pylon_service\/audits-et-etudes\/\" aria-hidden=\"true\" tabindex=\"-1\">\r\n\t\t\t<img loading=\"lazy\" decoding=\"async\" width=\"770\" height=\"460\" src=\"https:\/\/thexpertconsulting.com\/wp-content\/uploads\/2020\/12\/service-two.jpg\" class=\"attachment-post-thumbnail size-post-thumbnail wp-post-image\" alt=\"Audits et \u00e9tudes\" srcset=\"https:\/\/thexpertconsulting.com\/wp-content\/uploads\/2020\/12\/service-two.jpg 770w, https:\/\/thexpertconsulting.com\/wp-content\/uploads\/2020\/12\/service-two-300x179.jpg 300w, https:\/\/thexpertconsulting.com\/wp-content\/uploads\/2020\/12\/service-two-768x459.jpg 768w, https:\/\/thexpertconsulting.com\/wp-content\/uploads\/2020\/12\/service-two-600x358.jpg 600w\" sizes=\"(max-width: 770px) 100vw, 770px\" \/>\t\t<\/a>\r\n\t\t<\/a>  \r\n                            <\/div>\r\n                                                <div class=\"service-one__content\">\r\n                            <a href=\"https:\/\/thexpertconsulting.com\/index.php\/pylon_service\/audits-et-etudes\/\">                                <div class=\"service-icon\">\r\n                                    <i class=\"flaticon-discussion\"><\/i>\r\n                                <\/div>\r\n                            <\/a>                                                     <h3><a href=\"https:\/\/thexpertconsulting.com\/index.php\/pylon_service\/audits-et-etudes\/\">Audits et \u00e9tudes<\/a><\/h3>\r\n                                                        <p>There are many variations of passages of lorem ipsum available the majority have some.<\/p>\r\n                                                <\/div>\r\n                    <\/div>\r\n                                    <\/div>\r\n                    <\/div>\r\n                \t\t\t\t<\/div>\n\t\t\t\t<\/div>\n\t\t\t\t\t<\/div>\n\t\t<\/div>\n\t\t\t\t\t<\/div>\n\t\t<\/section>\n\t\t\t\t<\/div>\n\t\t","protected":false},"excerpt":{"rendered":"<p>Certification, RSE et Transition \u00e9cologique L&rsquo;audit, la Conception et l&rsquo;op\u00e9rationnalisation de la strat\u00e9gie de d\u00e9veloppement durable, etc.. Local Content Elaboration et mise en [&hellip;]<\/p>\n","protected":false},"author":1,"featured_media":8313,"parent":0,"menu_order":0,"comment_status":"closed","ping_status":"closed","template":"","meta":{"content-type":"","footnotes":""},"class_list":["post-488","page","type-page","status-publish","has-post-thumbnail","hentry"],"_links":{"self":[{"href":"https:\/\/thexpertconsulting.com\/index.php\/wp-json\/wp\/v2\/pages\/488","targetHints":{"allow":["GET"]}}],"collection":[{"href":"https:\/\/thexpertconsulting.com\/index.php\/wp-json\/wp\/v2\/pages"}],"about":[{"href":"https:\/\/thexpertconsulting.com\/index.php\/wp-json\/wp\/v2\/types\/page"}],"author":[{"embeddable":true,"href":"https:\/\/thexpertconsulting.com\/index.php\/wp-json\/wp\/v2\/users\/1"}],"replies":[{"embeddable":true,"href":"https:\/\/thexpertconsulting.com\/index.php\/wp-json\/wp\/v2\/comments?post=488"}],"version-history":[{"count":5,"href":"https:\/\/thexpertconsulting.com\/index.php\/wp-json\/wp\/v2\/pages\/488\/revisions"}],"predecessor-version":[{"id":8316,"href":"https:\/\/thexpertconsulting.com\/index.php\/wp-json\/wp\/v2\/pages\/488\/revisions\/8316"}],"wp:featuredmedia":[{"embeddable":true,"href":"https:\/\/thexpertconsulting.com\/index.php\/wp-json\/wp\/v2\/media\/8313"}],"wp:attachment":[{"href":"https:\/\/thexpertconsulting.com\/index.php\/wp-json\/wp\/v2\/media?parent=488"}],"curies":[{"name":"wp","href":"https:\/\/api.w.org\/{rel}","templated":true}]}}