{"id":8142,"date":"2024-11-21T11:58:09","date_gmt":"2024-11-21T11:58:09","guid":{"rendered":"https:\/\/thexpertconsulting.com\/?page_id=8142"},"modified":"2024-11-22T18:01:17","modified_gmt":"2024-11-22T18:01:17","slug":"nos-accompagnements","status":"publish","type":"page","link":"https:\/\/thexpertconsulting.com\/index.php\/nos-accompagnements\/","title":{"rendered":"Nos Accompagnements"},"content":{"rendered":"\t\t<div data-elementor-type=\"wp-page\" data-elementor-id=\"8142\" class=\"elementor elementor-8142\">\n\t\t\t\t\t\t<section class=\"elementor-section elementor-top-section elementor-element elementor-element-7d1bf71 pylon-column-stretched-none elementor-section-boxed elementor-section-height-default elementor-section-height-default\" data-id=\"7d1bf71\" data-element_type=\"section\" data-e-type=\"section\">\n\t\t\t\t\t\t<div class=\"elementor-container elementor-column-gap-default\">\n\t\t\t\t\t<div class=\"elementor-column elementor-col-100 elementor-top-column elementor-element elementor-element-14a31c0\" data-id=\"14a31c0\" data-element_type=\"column\" data-e-type=\"column\">\n\t\t\t<div class=\"elementor-widget-wrap elementor-element-populated\">\n\t\t\t\t\t\t<div class=\"elementor-element elementor-element-558fb67 elementor-widget elementor-widget-pylon_service\" data-id=\"558fb67\" data-element_type=\"widget\" data-e-type=\"widget\" data-widget_type=\"pylon_service.default\">\n\t\t\t\t<div class=\"elementor-widget-container\">\n\t\t\t\t\t        <div class=\"row\">\r\n                            <div class=\"col-lg-4\">\r\n                       \r\n                    <div class=\"service-one__card\">\r\n                                                    <div class=\"service-one__image\">\r\n                              <a href=\"https:\/\/thexpertconsulting.com\/index.php\/pylon_service\/seminaire-international-sur-le-contenu-local-en-afrique\/\">\t\t<a class=\"post-thumbnail\" href=\"https:\/\/thexpertconsulting.com\/index.php\/pylon_service\/seminaire-international-sur-le-contenu-local-en-afrique\/\" aria-hidden=\"true\" tabindex=\"-1\">\r\n\t\t\t<img fetchpriority=\"high\" decoding=\"async\" width=\"540\" height=\"497\" src=\"https:\/\/thexpertconsulting.com\/wp-content\/uploads\/2024\/11\/Local-Cont-1.jpg\" class=\"attachment-post-thumbnail size-post-thumbnail wp-post-image\" alt=\"S\u00e9minaire International sur le Contenu Local en Afrique\" srcset=\"https:\/\/thexpertconsulting.com\/wp-content\/uploads\/2024\/11\/Local-Cont-1.jpg 540w, https:\/\/thexpertconsulting.com\/wp-content\/uploads\/2024\/11\/Local-Cont-1-300x276.jpg 300w\" sizes=\"(max-width: 540px) 100vw, 540px\" \/>\t\t<\/a>\r\n\t\t<\/a>  \r\n                            <\/div>\r\n                                                <div class=\"service-one__content\">\r\n                            <a href=\"https:\/\/thexpertconsulting.com\/index.php\/pylon_service\/seminaire-international-sur-le-contenu-local-en-afrique\/\">                                <div class=\"service-icon\">\r\n                                    <i class=\"flaticon-document\"><\/i>\r\n                                <\/div>\r\n                            <\/a>                                                     <h3><a href=\"https:\/\/thexpertconsulting.com\/index.php\/pylon_service\/seminaire-international-sur-le-contenu-local-en-afrique\/\">S\u00e9minaire International sur le Contenu Local en Afrique<\/a><\/h3>\r\n                                                        <p>Ce s\u00e9minaire vise \u00e0 renforcer les capacit\u00e9s des acteurs du secteur extractif en mati\u00e8re\u2026<\/p>\r\n                        <a href=\"https:\/\/thexpertconsulting.com\/index.php\/pylon_service\/seminaire-international-sur-le-contenu-local-en-afrique\/\" class=\"pylon-icon-right-arrow service-one__link\"><\/a>                            \r\n                                                <\/div>\r\n                    <\/div>\r\n                                    <\/div>\r\n                            <div class=\"col-lg-4\">\r\n                       \r\n                    <div class=\"service-one__card\">\r\n                                                    <div class=\"service-one__image\">\r\n                              <a href=\"https:\/\/thexpertconsulting.com\/index.php\/pylon_service\/certification-rse-et-transition-ecologique\/\">\t\t<a class=\"post-thumbnail\" href=\"https:\/\/thexpertconsulting.com\/index.php\/pylon_service\/certification-rse-et-transition-ecologique\/\" aria-hidden=\"true\" tabindex=\"-1\">\r\n\t\t\t<img decoding=\"async\" width=\"770\" height=\"460\" src=\"https:\/\/thexpertconsulting.com\/wp-content\/uploads\/2024\/11\/elemt-30.jpg\" class=\"attachment-post-thumbnail size-post-thumbnail wp-post-image\" alt=\"Certification, RSE et Transition \u00e9cologique\" srcset=\"https:\/\/thexpertconsulting.com\/wp-content\/uploads\/2024\/11\/elemt-30.jpg 770w, https:\/\/thexpertconsulting.com\/wp-content\/uploads\/2024\/11\/elemt-30-300x179.jpg 300w, https:\/\/thexpertconsulting.com\/wp-content\/uploads\/2024\/11\/elemt-30-768x459.jpg 768w\" sizes=\"(max-width: 770px) 100vw, 770px\" \/>\t\t<\/a>\r\n\t\t<\/a>  \r\n                            <\/div>\r\n                                                <div class=\"service-one__content\">\r\n                            <a href=\"https:\/\/thexpertconsulting.com\/index.php\/pylon_service\/certification-rse-et-transition-ecologique\/\">                                <div class=\"service-icon\">\r\n                                    <i class=\"flaticon-discussion\"><\/i>\r\n                                <\/div>\r\n                            <\/a>                                                     <h3><a href=\"https:\/\/thexpertconsulting.com\/index.php\/pylon_service\/certification-rse-et-transition-ecologique\/\">Certification, RSE et Transition \u00e9cologique<\/a><\/h3>\r\n                                                        <p>L'audit, la Conception et l'op\u00e9rationnalisation de la strat\u00e9gie de d\u00e9veloppement durable, etc..<\/p>\r\n                        <a href=\"https:\/\/thexpertconsulting.com\/index.php\/pylon_service\/certification-rse-et-transition-ecologique\/\" class=\"pylon-icon-right-arrow service-one__link\"><\/a>                            \r\n                                                <\/div>\r\n                    <\/div>\r\n                                    <\/div>\r\n                            <div class=\"col-lg-4\">\r\n                       \r\n                    <div class=\"service-one__card\">\r\n                                                    <div class=\"service-one__image\">\r\n                              <a href=\"https:\/\/thexpertconsulting.com\/index.php\/pylon_service\/local-content\/\">\t\t<a class=\"post-thumbnail\" href=\"https:\/\/thexpertconsulting.com\/index.php\/pylon_service\/local-content\/\" aria-hidden=\"true\" tabindex=\"-1\">\r\n\t\t\t<img decoding=\"async\" width=\"770\" height=\"460\" src=\"https:\/\/thexpertconsulting.com\/wp-content\/uploads\/2024\/11\/elemt-33.jpg\" class=\"attachment-post-thumbnail size-post-thumbnail wp-post-image\" alt=\"Local Content\" srcset=\"https:\/\/thexpertconsulting.com\/wp-content\/uploads\/2024\/11\/elemt-33.jpg 770w, https:\/\/thexpertconsulting.com\/wp-content\/uploads\/2024\/11\/elemt-33-300x179.jpg 300w, https:\/\/thexpertconsulting.com\/wp-content\/uploads\/2024\/11\/elemt-33-768x459.jpg 768w\" sizes=\"(max-width: 770px) 100vw, 770px\" \/>\t\t<\/a>\r\n\t\t<\/a>  \r\n                            <\/div>\r\n                                                <div class=\"service-one__content\">\r\n                            <a href=\"https:\/\/thexpertconsulting.com\/index.php\/pylon_service\/local-content\/\">                                <div class=\"service-icon\">\r\n                                    <i class=\"fas fa-gas-pump\"><\/i>\r\n                                <\/div>\r\n                            <\/a>                                                     <h3><a href=\"https:\/\/thexpertconsulting.com\/index.php\/pylon_service\/local-content\/\">Local Content<\/a><\/h3>\r\n                                                        <p>Elaboration et mise en oeuvre de la politique de contenu local, Assistance juridique\/RH &\u2026<\/p>\r\n                        <a href=\"https:\/\/thexpertconsulting.com\/index.php\/pylon_service\/local-content\/\" class=\"pylon-icon-right-arrow service-one__link\"><\/a>                            \r\n                                                <\/div>\r\n                    <\/div>\r\n                                    <\/div>\r\n                    <\/div>\r\n                \t\t\t\t<\/div>\n\t\t\t\t<\/div>\n\t\t\t\t\t<\/div>\n\t\t<\/div>\n\t\t\t\t\t<\/div>\n\t\t<\/section>\n\t\t\t\t<\/div>\n\t\t","protected":false},"excerpt":{"rendered":"<p>Certification, RSE et Transition \u00e9cologique L&rsquo;audit, la Conception et l&rsquo;op\u00e9rationnalisation de la strat\u00e9gie de d\u00e9veloppement durable, etc.. Local Content Elaboration et mise en [&hellip;]<\/p>\n","protected":false},"author":1,"featured_media":0,"parent":0,"menu_order":0,"comment_status":"closed","ping_status":"closed","template":"","meta":{"content-type":"","footnotes":""},"class_list":["post-8142","page","type-page","status-publish","hentry"],"_links":{"self":[{"href":"https:\/\/thexpertconsulting.com\/index.php\/wp-json\/wp\/v2\/pages\/8142","targetHints":{"allow":["GET"]}}],"collection":[{"href":"https:\/\/thexpertconsulting.com\/index.php\/wp-json\/wp\/v2\/pages"}],"about":[{"href":"https:\/\/thexpertconsulting.com\/index.php\/wp-json\/wp\/v2\/types\/page"}],"author":[{"embeddable":true,"href":"https:\/\/thexpertconsulting.com\/index.php\/wp-json\/wp\/v2\/users\/1"}],"replies":[{"embeddable":true,"href":"https:\/\/thexpertconsulting.com\/index.php\/wp-json\/wp\/v2\/comments?post=8142"}],"version-history":[{"count":4,"href":"https:\/\/thexpertconsulting.com\/index.php\/wp-json\/wp\/v2\/pages\/8142\/revisions"}],"predecessor-version":[{"id":8319,"href":"https:\/\/thexpertconsulting.com\/index.php\/wp-json\/wp\/v2\/pages\/8142\/revisions\/8319"}],"wp:attachment":[{"href":"https:\/\/thexpertconsulting.com\/index.php\/wp-json\/wp\/v2\/media?parent=8142"}],"curies":[{"name":"wp","href":"https:\/\/api.w.org\/{rel}","templated":true}]}}