{"id":8205,"date":"2024-11-22T10:22:39","date_gmt":"2024-11-22T10:22:39","guid":{"rendered":"https:\/\/thexpertconsulting.com\/?page_id=8205"},"modified":"2025-04-14T15:46:07","modified_gmt":"2025-04-14T15:46:07","slug":"nos-bureaux","status":"publish","type":"page","link":"https:\/\/thexpertconsulting.com\/index.php\/nos-bureaux\/","title":{"rendered":"Nos Bureaux"},"content":{"rendered":"\t\t<div data-elementor-type=\"wp-page\" data-elementor-id=\"8205\" class=\"elementor elementor-8205\">\n\t\t\t\t\t\t<section class=\"elementor-section elementor-top-section elementor-element elementor-element-ab5bfc8 elementor-section-stretched pylon-column-stretched-none elementor-section-boxed elementor-section-height-default elementor-section-height-default\" data-id=\"ab5bfc8\" data-element_type=\"section\" data-e-type=\"section\" data-settings=\"{&quot;stretch_section&quot;:&quot;section-stretched&quot;,&quot;background_background&quot;:&quot;classic&quot;}\">\n\t\t\t\t\t\t<div class=\"elementor-container elementor-column-gap-default\">\n\t\t\t\t\t<div class=\"elementor-column elementor-col-100 elementor-top-column elementor-element elementor-element-6491731\" data-id=\"6491731\" data-element_type=\"column\" data-e-type=\"column\">\n\t\t\t<div class=\"elementor-widget-wrap elementor-element-populated\">\n\t\t\t\t\t\t<section class=\"elementor-section elementor-inner-section elementor-element elementor-element-0b54d97 pylon-column-stretched-none elementor-section-boxed elementor-section-height-default elementor-section-height-default\" data-id=\"0b54d97\" data-element_type=\"section\" data-e-type=\"section\">\n\t\t\t\t\t\t<div class=\"elementor-container elementor-column-gap-default\">\n\t\t\t\t\t<div class=\"elementor-column elementor-col-50 elementor-inner-column elementor-element elementor-element-4207e53\" data-id=\"4207e53\" data-element_type=\"column\" data-e-type=\"column\">\n\t\t\t<div class=\"elementor-widget-wrap elementor-element-populated\">\n\t\t\t\t\t\t<div class=\"elementor-element elementor-element-85e6ff2 elementor-widget elementor-widget-pylon_img_with_title\" data-id=\"85e6ff2\" data-element_type=\"widget\" data-e-type=\"widget\" data-widget_type=\"pylon_img_with_title.default\">\n\t\t\t\t<div class=\"elementor-widget-container\">\n\t\t\t\t\t        <div class=\"about-three__image\">\r\n            <img fetchpriority=\"high\" decoding=\"async\" width=\"842\" height=\"596\" src=\"https:\/\/thexpertconsulting.com\/wp-content\/uploads\/2024\/11\/FrontPlan-de-travail-1.png\" class=\"attachment-full size-full wp-image-8238\" alt=\"\" srcset=\"https:\/\/thexpertconsulting.com\/wp-content\/uploads\/2024\/11\/FrontPlan-de-travail-1.png 842w, https:\/\/thexpertconsulting.com\/wp-content\/uploads\/2024\/11\/FrontPlan-de-travail-1-300x212.png 300w, https:\/\/thexpertconsulting.com\/wp-content\/uploads\/2024\/11\/FrontPlan-de-travail-1-768x544.png 768w\" sizes=\"(max-width: 842px) 100vw, 842px\" \/>        <\/div>\r\n        \t\t\t\t<\/div>\n\t\t\t\t<\/div>\n\t\t\t\t\t<\/div>\n\t\t<\/div>\n\t\t\t\t<div class=\"elementor-column elementor-col-50 elementor-inner-column elementor-element elementor-element-1b85b8a\" data-id=\"1b85b8a\" data-element_type=\"column\" data-e-type=\"column\">\n\t\t\t<div class=\"elementor-widget-wrap elementor-element-populated\">\n\t\t\t\t\t\t<div class=\"elementor-element elementor-element-c7c8a27 elementor-widget elementor-widget-pylon_img_with_title\" data-id=\"c7c8a27\" data-element_type=\"widget\" data-e-type=\"widget\" data-widget_type=\"pylon_img_with_title.default\">\n\t\t\t\t<div class=\"elementor-widget-container\">\n\t\t\t\t\t        <div class=\"about-three__image\">\r\n            <img decoding=\"async\" width=\"770\" height=\"333\" src=\"https:\/\/thexpertconsulting.com\/wp-content\/uploads\/2025\/01\/mmmmm.png\" class=\"attachment-full size-full wp-image-8580\" alt=\"\" srcset=\"https:\/\/thexpertconsulting.com\/wp-content\/uploads\/2025\/01\/mmmmm.png 770w, https:\/\/thexpertconsulting.com\/wp-content\/uploads\/2025\/01\/mmmmm-300x130.png 300w, https:\/\/thexpertconsulting.com\/wp-content\/uploads\/2025\/01\/mmmmm-768x332.png 768w\" sizes=\"(max-width: 770px) 100vw, 770px\" \/>        <\/div>\r\n        \t\t\t\t<\/div>\n\t\t\t\t<\/div>\n\t\t\t\t\t<\/div>\n\t\t<\/div>\n\t\t\t\t\t<\/div>\n\t\t<\/section>\n\t\t\t\t<section class=\"elementor-section elementor-inner-section elementor-element elementor-element-eba9b2b pylon-column-stretched-none elementor-section-boxed elementor-section-height-default elementor-section-height-default\" data-id=\"eba9b2b\" data-element_type=\"section\" data-e-type=\"section\">\n\t\t\t\t\t\t<div class=\"elementor-container elementor-column-gap-default\">\n\t\t\t\t\t<div class=\"elementor-column elementor-col-50 elementor-inner-column elementor-element elementor-element-6e54c68\" data-id=\"6e54c68\" data-element_type=\"column\" data-e-type=\"column\">\n\t\t\t<div class=\"elementor-widget-wrap elementor-element-populated\">\n\t\t\t\t\t\t<div class=\"elementor-element elementor-element-40a0f1b elementor-widget elementor-widget-pylon_title\" data-id=\"40a0f1b\" data-element_type=\"widget\" data-e-type=\"widget\" data-widget_type=\"pylon_title.default\">\n\t\t\t\t<div class=\"elementor-widget-container\">\n\t\t\t\t\t \r\n        <div class=\"pylon-title\">\r\n            <div class=\"block-title\">\r\n                <p class=\"small-title\">The Expert Consulting<\/p>\r\n                    <h2 class=\"title-block\">Nos bureaux en Afrique<\/h2>\r\n                                <\/div>\r\n                                <\/div>\r\n              \t\t\t\t<\/div>\n\t\t\t\t<\/div>\n\t\t\t\t\t<\/div>\n\t\t<\/div>\n\t\t\t\t<div class=\"elementor-column elementor-col-50 elementor-inner-column elementor-element elementor-element-6d6d754\" data-id=\"6d6d754\" data-element_type=\"column\" data-e-type=\"column\">\n\t\t\t<div class=\"elementor-widget-wrap elementor-element-populated\">\n\t\t\t\t\t\t<div class=\"elementor-element elementor-element-bae1190 elementor-widget elementor-widget-text-editor\" data-id=\"bae1190\" data-element_type=\"widget\" data-e-type=\"widget\" data-widget_type=\"text-editor.default\">\n\t\t\t\t<div class=\"elementor-widget-container\">\n\t\t\t\t\t\t\t\t\t<p>Vous souhaitez mettre en place une formation intra entreprise ou \u00e9laborer un plan de formation qui r\u00e9pond parfaitement aux attentes de vos collaborateurs et adapt\u00e9e aux besoins votre entreprise ? Contactez nous\u00a0pour \u00e9tudier votre demande avec nos chefs de projets. Ils sauront vous apporter une solution sur mesure et op\u00e9rationnelle. Nous sommes bas\u00e9s \u00e0 <strong>Abidjan<\/strong> (C\u00f4te d\u2019Ivoire), <strong>Ouagadougou<\/strong> (Burkina Faso), <strong>Lom\u00e9<\/strong> (Togo) et d\u00e9sormais \u00e0 <strong>Conakry<\/strong> (Guin\u00e9e).<\/p>\t\t\t\t\t\t\t\t<\/div>\n\t\t\t\t<\/div>\n\t\t\t\t\t<\/div>\n\t\t<\/div>\n\t\t\t\t\t<\/div>\n\t\t<\/section>\n\t\t<div class=\"elementor-element elementor-element-1a3960e e-flex e-con-boxed e-con e-parent\" data-id=\"1a3960e\" data-element_type=\"container\" data-e-type=\"container\">\n\t\t\t\t\t<div class=\"e-con-inner\">\n\t\t<div class=\"elementor-element elementor-element-90529f7 e-grid e-con-full e-con e-child\" data-id=\"90529f7\" data-element_type=\"container\" data-e-type=\"container\">\n\t\t<div class=\"elementor-element elementor-element-4d35631 e-con-full e-flex e-con e-child\" data-id=\"4d35631\" data-element_type=\"container\" data-e-type=\"container\">\n\t\t\t\t<div class=\"elementor-element elementor-element-6bee611 elementor-widget elementor-widget-heading\" data-id=\"6bee611\" data-element_type=\"widget\" data-e-type=\"widget\" data-widget_type=\"heading.default\">\n\t\t\t\t<div class=\"elementor-widget-container\">\n\t\t\t\t\t<h2 class=\"elementor-heading-title elementor-size-default\">C\u00f4te d'Ivoire<\/h2>\t\t\t\t<\/div>\n\t\t\t\t<\/div>\n\t\t\t\t<div class=\"elementor-element elementor-element-e1a2f0b elementor-widget elementor-widget-text-editor\" data-id=\"e1a2f0b\" data-element_type=\"widget\" data-e-type=\"widget\" data-widget_type=\"text-editor.default\">\n\t\t\t\t<div class=\"elementor-widget-container\">\n\t\t\t\t\t\t\t\t\t<p>TEC C\u00d4TE D&rsquo;IVOIRE<\/p><ul><li>G\u00e9rant : <strong>Yves Yao DOLOTO<\/strong><\/li><li>T\u00e9l\u00e9phone : <strong>+225 0707 66 12 74<\/strong><\/li><li>Bureau : <strong>Abidjan Cocody Riviera Abatta Nouveau Goudron<\/strong><\/li><li>Email : <strong>yves.doloto@thexpertconsulting.com<\/strong><\/li><\/ul>\t\t\t\t\t\t\t\t<\/div>\n\t\t\t\t<\/div>\n\t\t\t\t<\/div>\n\t\t<div class=\"elementor-element elementor-element-7c38ff2 e-con-full e-flex e-con e-child\" data-id=\"7c38ff2\" data-element_type=\"container\" data-e-type=\"container\">\n\t\t\t\t<div class=\"elementor-element elementor-element-30646c3 elementor-widget elementor-widget-heading\" data-id=\"30646c3\" data-element_type=\"widget\" data-e-type=\"widget\" data-widget_type=\"heading.default\">\n\t\t\t\t<div class=\"elementor-widget-container\">\n\t\t\t\t\t<h2 class=\"elementor-heading-title elementor-size-default\">C\u00f4te d'Ivoire<\/h2>\t\t\t\t<\/div>\n\t\t\t\t<\/div>\n\t\t\t\t<div class=\"elementor-element elementor-element-472da01 elementor-widget elementor-widget-text-editor\" data-id=\"472da01\" data-element_type=\"widget\" data-e-type=\"widget\" data-widget_type=\"text-editor.default\">\n\t\t\t\t<div class=\"elementor-widget-container\">\n\t\t\t\t\t\t\t\t\t<p>TEC HOLDING<\/p><ul><li>Business d\u00e9velopper : <strong>Viviane YOBOUE<\/strong><\/li><li>T\u00e9l\u00e9phone : <strong>+225 07 89 93 76 66<\/strong><\/li><li>Bureau : <strong>Abidjan Cocody Riviera Abatta Nouveau Goudron<\/strong><\/li><li>Email : <strong>viviane.yoboue@thexpertconsulting.com<\/strong><\/li><\/ul>\t\t\t\t\t\t\t\t<\/div>\n\t\t\t\t<\/div>\n\t\t\t\t<\/div>\n\t\t<div class=\"elementor-element elementor-element-95654ec e-con-full e-flex e-con e-child\" data-id=\"95654ec\" data-element_type=\"container\" data-e-type=\"container\">\n\t\t\t\t<div class=\"elementor-element elementor-element-72d6d8f elementor-widget elementor-widget-heading\" data-id=\"72d6d8f\" data-element_type=\"widget\" data-e-type=\"widget\" data-widget_type=\"heading.default\">\n\t\t\t\t<div class=\"elementor-widget-container\">\n\t\t\t\t\t<h2 class=\"elementor-heading-title elementor-size-default\">Burkina Faso<\/h2>\t\t\t\t<\/div>\n\t\t\t\t<\/div>\n\t\t\t\t<div class=\"elementor-element elementor-element-e301725 elementor-widget elementor-widget-text-editor\" data-id=\"e301725\" data-element_type=\"widget\" data-e-type=\"widget\" data-widget_type=\"text-editor.default\">\n\t\t\t\t<div class=\"elementor-widget-container\">\n\t\t\t\t\t\t\t\t\t<p>THEXCO EXPERT CONSULTING<\/p><ul><li>Responsable : <strong>Marcelle <\/strong><strong>LEGRE<\/strong><\/li><li>T\u00e9l\u00e9phone : <strong>+226 56 07 70 70<\/strong><\/li><li>Bureau : <strong>Goughin, en<\/strong><strong>\u00a0face lyc\u00e9e mixte<\/strong><\/li><li>Email : <strong>marcelle.legre@thexpertconsulting.com<\/strong><\/li><\/ul>\t\t\t\t\t\t\t\t<\/div>\n\t\t\t\t<\/div>\n\t\t\t\t<\/div>\n\t\t<div class=\"elementor-element elementor-element-1e19ab7 e-con-full e-flex e-con e-child\" data-id=\"1e19ab7\" data-element_type=\"container\" data-e-type=\"container\">\n\t\t\t\t<div class=\"elementor-element elementor-element-ef8ca65 elementor-widget elementor-widget-heading\" data-id=\"ef8ca65\" data-element_type=\"widget\" data-e-type=\"widget\" data-widget_type=\"heading.default\">\n\t\t\t\t<div class=\"elementor-widget-container\">\n\t\t\t\t\t<h2 class=\"elementor-heading-title elementor-size-default\">Guin\u00e9e<\/h2>\t\t\t\t<\/div>\n\t\t\t\t<\/div>\n\t\t\t\t<div class=\"elementor-element elementor-element-0500b70 elementor-widget elementor-widget-text-editor\" data-id=\"0500b70\" data-element_type=\"widget\" data-e-type=\"widget\" data-widget_type=\"text-editor.default\">\n\t\t\t\t<div class=\"elementor-widget-container\">\n\t\t\t\t\t\t\t\t\t<p>TEC GUINEE<\/p><ul><li>Responsable : <strong>Valentin TOA BI<\/strong><\/li><li>T\u00e9l\u00e9phone : <strong>+224 624 53 89 46<\/strong><\/li><li>Bureau : <strong>GBESSIA (Carrefour Serem) CONAKRY<\/strong><\/li><li>Email : <strong>valentin.toa@thexpertconsulting.com<\/strong><\/li><\/ul>\t\t\t\t\t\t\t\t<\/div>\n\t\t\t\t<\/div>\n\t\t\t\t<\/div>\n\t\t\t\t<\/div>\n\t\t\t\t\t<\/div>\n\t\t\t\t<\/div>\n\t\t\t\t\t<\/div>\n\t\t<\/div>\n\t\t\t\t\t<\/div>\n\t\t<\/section>\n\t\t\t\t<section class=\"elementor-section elementor-top-section elementor-element elementor-element-355b0d4 elementor-section-full_width elementor-section-stretched pylon-column-stretched-none elementor-section-height-default elementor-section-height-default\" data-id=\"355b0d4\" data-element_type=\"section\" data-e-type=\"section\" data-settings=\"{&quot;stretch_section&quot;:&quot;section-stretched&quot;}\">\n\t\t\t\t\t\t<div class=\"elementor-container elementor-column-gap-no\">\n\t\t\t\t\t<div class=\"elementor-column elementor-col-100 elementor-top-column elementor-element elementor-element-313362f\" data-id=\"313362f\" data-element_type=\"column\" data-e-type=\"column\">\n\t\t\t<div class=\"elementor-widget-wrap elementor-element-populated\">\n\t\t\t\t\t\t<div class=\"elementor-element elementor-element-3aba4e7 elementor-widget elementor-widget-pylon_popup_video\" data-id=\"3aba4e7\" data-element_type=\"widget\" data-e-type=\"widget\" data-widget_type=\"pylon_popup_video.default\">\n\t\t\t\t<div class=\"elementor-widget-container\">\n\t\t\t\t\t\r\n        <script>\r\n        jQuery(document).ready(function($) {\r\n            if ($(\".video-popup-362944247\").length) {\r\n                $(\".video-popup-362944247\").magnificPopup({\r\n                    disableOn: 700,\r\n                    type: \"iframe\",\r\n                    mainClass: \"mfp-fade\",\r\n                    removalDelay: 160,\r\n                    preloader: true,\r\n        \r\n                    fixedContentPos: false\r\n                });\r\n            }\r\n        });\r\n        <\/script>        <div class=\"video-one\">\r\n            <div class=\"video-one__box\">\r\n                <div class=\"video-one__box-bg\"><\/div>\r\n                <a href=\"https:\/\/www.youtube.com\/watch?v=Dnp-BF3NdIk\" class=\"video-one__btn video-popup video-popup-362944247\"><i class=\"fa fa-play\"><\/i><\/a>\r\n                 <h3>Pr\u00e9sentation des services de TEC<\/h3>            <\/div>\r\n        <\/div>\r\n        \t\t\t\t<\/div>\n\t\t\t\t<\/div>\n\t\t\t\t\t<\/div>\n\t\t<\/div>\n\t\t\t\t\t<\/div>\n\t\t<\/section>\n\t\t\t\t<section class=\"elementor-section elementor-top-section elementor-element elementor-element-8e77a40 elementor-section-stretched pylon-column-stretched-none elementor-section-boxed elementor-section-height-default elementor-section-height-default\" data-id=\"8e77a40\" data-element_type=\"section\" data-e-type=\"section\" data-settings=\"{&quot;background_background&quot;:&quot;classic&quot;,&quot;stretch_section&quot;:&quot;section-stretched&quot;}\">\n\t\t\t\t\t\t\t<div class=\"elementor-background-overlay\"><\/div>\n\t\t\t\t\t\t\t<div class=\"elementor-container elementor-column-gap-default\">\n\t\t\t\t\t<div class=\"elementor-column elementor-col-100 elementor-top-column elementor-element elementor-element-b34e8ff\" data-id=\"b34e8ff\" data-element_type=\"column\" data-e-type=\"column\">\n\t\t\t<div class=\"elementor-widget-wrap\">\n\t\t\t\t\t\t\t<\/div>\n\t\t<\/div>\n\t\t\t\t\t<\/div>\n\t\t<\/section>\n\t\t\t\t<\/div>\n\t\t","protected":false},"excerpt":{"rendered":"<p>The Expert Consulting Nos bureaux en Afrique Vous souhaitez mettre en place une formation intra entreprise ou \u00e9laborer un plan de formation qui [&hellip;]<\/p>\n","protected":false},"author":1,"featured_media":0,"parent":0,"menu_order":0,"comment_status":"closed","ping_status":"closed","template":"","meta":{"content-type":"","footnotes":""},"class_list":["post-8205","page","type-page","status-publish","hentry"],"_links":{"self":[{"href":"https:\/\/thexpertconsulting.com\/index.php\/wp-json\/wp\/v2\/pages\/8205","targetHints":{"allow":["GET"]}}],"collection":[{"href":"https:\/\/thexpertconsulting.com\/index.php\/wp-json\/wp\/v2\/pages"}],"about":[{"href":"https:\/\/thexpertconsulting.com\/index.php\/wp-json\/wp\/v2\/types\/page"}],"author":[{"embeddable":true,"href":"https:\/\/thexpertconsulting.com\/index.php\/wp-json\/wp\/v2\/users\/1"}],"replies":[{"embeddable":true,"href":"https:\/\/thexpertconsulting.com\/index.php\/wp-json\/wp\/v2\/comments?post=8205"}],"version-history":[{"count":28,"href":"https:\/\/thexpertconsulting.com\/index.php\/wp-json\/wp\/v2\/pages\/8205\/revisions"}],"predecessor-version":[{"id":8636,"href":"https:\/\/thexpertconsulting.com\/index.php\/wp-json\/wp\/v2\/pages\/8205\/revisions\/8636"}],"wp:attachment":[{"href":"https:\/\/thexpertconsulting.com\/index.php\/wp-json\/wp\/v2\/media?parent=8205"}],"curies":[{"name":"wp","href":"https:\/\/api.w.org\/{rel}","templated":true}]}}