{"id":8206,"date":"2024-11-22T10:21:07","date_gmt":"2024-11-22T10:21:07","guid":{"rendered":"https:\/\/thexpertconsulting.com\/?page_id=8206"},"modified":"2025-01-27T13:31:14","modified_gmt":"2025-01-27T13:31:14","slug":"notre-equipe","status":"publish","type":"page","link":"https:\/\/thexpertconsulting.com\/index.php\/notre-equipe\/","title":{"rendered":"Notre Equipe"},"content":{"rendered":"\t\t<div data-elementor-type=\"wp-page\" data-elementor-id=\"8206\" class=\"elementor elementor-8206\">\n\t\t\t\t\t\t<section class=\"elementor-section elementor-top-section elementor-element elementor-element-ab5bfc8 elementor-section-stretched pylon-column-stretched-none elementor-section-boxed elementor-section-height-default elementor-section-height-default\" data-id=\"ab5bfc8\" data-element_type=\"section\" data-e-type=\"section\" data-settings=\"{&quot;stretch_section&quot;:&quot;section-stretched&quot;,&quot;background_background&quot;:&quot;classic&quot;}\">\n\t\t\t\t\t\t<div class=\"elementor-container elementor-column-gap-default\">\n\t\t\t\t\t<div class=\"elementor-column elementor-col-100 elementor-top-column elementor-element elementor-element-6491731\" data-id=\"6491731\" data-element_type=\"column\" data-e-type=\"column\">\n\t\t\t<div class=\"elementor-widget-wrap elementor-element-populated\">\n\t\t\t\t\t\t<section class=\"elementor-section elementor-inner-section elementor-element elementor-element-0b54d97 pylon-column-stretched-none elementor-section-boxed elementor-section-height-default elementor-section-height-default\" data-id=\"0b54d97\" data-element_type=\"section\" data-e-type=\"section\">\n\t\t\t\t\t\t<div class=\"elementor-container elementor-column-gap-default\">\n\t\t\t\t\t<div class=\"elementor-column elementor-col-50 elementor-inner-column elementor-element elementor-element-4207e53\" data-id=\"4207e53\" data-element_type=\"column\" data-e-type=\"column\">\n\t\t\t<div class=\"elementor-widget-wrap elementor-element-populated\">\n\t\t\t\t\t\t<div class=\"elementor-element elementor-element-85e6ff2 elementor-widget elementor-widget-pylon_img_with_title\" data-id=\"85e6ff2\" data-element_type=\"widget\" data-e-type=\"widget\" data-widget_type=\"pylon_img_with_title.default\">\n\t\t\t\t<div class=\"elementor-widget-container\">\n\t\t\t\t\t        <div class=\"about-three__image\">\r\n            <img fetchpriority=\"high\" decoding=\"async\" width=\"540\" height=\"497\" src=\"https:\/\/thexpertconsulting.com\/wp-content\/uploads\/2024\/11\/elemt-7.jpg\" class=\"attachment-full size-full wp-image-8225\" alt=\"\" srcset=\"https:\/\/thexpertconsulting.com\/wp-content\/uploads\/2024\/11\/elemt-7.jpg 540w, https:\/\/thexpertconsulting.com\/wp-content\/uploads\/2024\/11\/elemt-7-300x276.jpg 300w\" sizes=\"(max-width: 540px) 100vw, 540px\" \/>        <\/div>\r\n        \t\t\t\t<\/div>\n\t\t\t\t<\/div>\n\t\t\t\t\t<\/div>\n\t\t<\/div>\n\t\t\t\t<div class=\"elementor-column elementor-col-50 elementor-inner-column elementor-element elementor-element-1b85b8a\" data-id=\"1b85b8a\" data-element_type=\"column\" data-e-type=\"column\">\n\t\t\t<div class=\"elementor-widget-wrap elementor-element-populated\">\n\t\t\t\t\t\t<div class=\"elementor-element elementor-element-c7c8a27 elementor-widget elementor-widget-pylon_img_with_title\" data-id=\"c7c8a27\" data-element_type=\"widget\" data-e-type=\"widget\" data-widget_type=\"pylon_img_with_title.default\">\n\t\t\t\t<div class=\"elementor-widget-container\">\n\t\t\t\t\t        <div class=\"about-three__image\">\r\n            <img decoding=\"async\" width=\"770\" height=\"333\" src=\"https:\/\/thexpertconsulting.com\/wp-content\/uploads\/2024\/11\/elemt-8.jpg\" class=\"attachment-full size-full wp-image-8226\" alt=\"\" srcset=\"https:\/\/thexpertconsulting.com\/wp-content\/uploads\/2024\/11\/elemt-8.jpg 770w, https:\/\/thexpertconsulting.com\/wp-content\/uploads\/2024\/11\/elemt-8-300x130.jpg 300w, https:\/\/thexpertconsulting.com\/wp-content\/uploads\/2024\/11\/elemt-8-768x332.jpg 768w\" sizes=\"(max-width: 770px) 100vw, 770px\" \/>        <\/div>\r\n        \t\t\t\t<\/div>\n\t\t\t\t<\/div>\n\t\t\t\t\t<\/div>\n\t\t<\/div>\n\t\t\t\t\t<\/div>\n\t\t<\/section>\n\t\t\t\t<section class=\"elementor-section elementor-inner-section elementor-element elementor-element-eba9b2b pylon-column-stretched-none elementor-section-boxed elementor-section-height-default elementor-section-height-default\" data-id=\"eba9b2b\" data-element_type=\"section\" data-e-type=\"section\">\n\t\t\t\t\t\t<div class=\"elementor-container elementor-column-gap-default\">\n\t\t\t\t\t<div class=\"elementor-column elementor-col-50 elementor-inner-column elementor-element elementor-element-6e54c68\" data-id=\"6e54c68\" data-element_type=\"column\" data-e-type=\"column\">\n\t\t\t<div class=\"elementor-widget-wrap elementor-element-populated\">\n\t\t\t\t\t\t<div class=\"elementor-element elementor-element-40a0f1b elementor-widget elementor-widget-pylon_title\" data-id=\"40a0f1b\" data-element_type=\"widget\" data-e-type=\"widget\" data-widget_type=\"pylon_title.default\">\n\t\t\t\t<div class=\"elementor-widget-container\">\n\t\t\t\t\t \r\n        <div class=\"pylon-title\">\r\n            <div class=\"block-title\">\r\n                <p class=\"small-title\">Pr\u00e9sentation du fondateur<\/p>\r\n                    <h2 class=\"title-block\">M. ULRICH DJE<\/h2>\r\n                                <\/div>\r\n                                <\/div>\r\n              \t\t\t\t<\/div>\n\t\t\t\t<\/div>\n\t\t\t\t\t<\/div>\n\t\t<\/div>\n\t\t\t\t<div class=\"elementor-column elementor-col-50 elementor-inner-column elementor-element elementor-element-6d6d754\" data-id=\"6d6d754\" data-element_type=\"column\" data-e-type=\"column\">\n\t\t\t<div class=\"elementor-widget-wrap elementor-element-populated\">\n\t\t\t\t\t\t<div class=\"elementor-element elementor-element-bae1190 elementor-widget elementor-widget-text-editor\" data-id=\"bae1190\" data-element_type=\"widget\" data-e-type=\"widget\" data-widget_type=\"text-editor.default\">\n\t\t\t\t<div class=\"elementor-widget-container\">\n\t\t\t\t\t\t\t\t\t<p>DJE Ulrich est expert en Gestion des Ressources Humaines et L\u00e9gislation du Travail. Administrateur Principal du Travail et des Lois Sociales issu de l\u2019Ecole Nationale d\u2019Administration d\u2019Abidjan en C\u00f4te d\u2019Ivoire, il est titulaire d\u2019une Ma\u00eetrise en Droit International Publique de l\u2019Universit\u00e9 Nationale de Cocody, d\u2019un Master en Paix, D\u00e9veloppement et R\u00e9solution de Conflits de la Chaire UNESCO Philosophie de la Paix de l\u2019Universit\u00e9 Jaume I de Castellon en Espagne, d\u2019un Master 2 en Culture de la Paix, Pr\u00e9vention, Gestion et R\u00e9solution des Conflits obtenu \u00e0 la Chaire UNESCO pour la Culture de la Paix de l\u2019Universit\u00e9 F\u00e9lix Houphou\u00ebt-Boigny d\u2019Abidjan en C\u00f4te d\u2019Ivoire, ou il poursuit ses \u00e9tudes doctorales depuis 2021.<\/p><p>Il est l\u2019auteur de <em>Le guide pratique des relations de travail (2017)<\/em>, <em>Le monde du travail face \u00e0 la crise (2020) <\/em>et<em> Les chroniques \u00e0 Man\u2019Vi, (2023),<\/em> parus aux Editions Matrice.<\/p><p><strong>Il est depuis le 31 janvier 2017, le Founder et Senior Manager du Cabinet The Expert Consulting. <\/strong><\/p><p>Par ailleurs, il est le Coordonnateur du Projet Fixation des Salaires Ad\u00e9quats de l\u2019Organisation Internationale du Travail depuis le 11 septembre 2023. Il n\u2019a pas cesser de transmettre ses connaissances et son savoir-faire aux jeunes g\u00e9n\u00e9rations \u00e0 travers sa fonction d\u2019Enseignant-formateur (Ecole Nationale d\u2019Administration d\u2019Abidjan, Universit\u00e9s, Grandes Ecoles, entreprises et cabinets priv\u00e9s de formation) depuis 2009.<\/p><p>En outre, il a \u00e9t\u00e9 Directeur au Secr\u00e9tariat Ex\u00e9cutif du Conseil National du Dialogue Social (CNDS) C\u00f4te D\u2019ivoire du 28 mars 2017 au 31 D\u00e9cembre 2021.<\/p><p>Du 05 septembre 2013 au 26 juin 2015 il a assum\u00e9 la responsabilit\u00e9 de Directeur de la Promotion de l\u2019Emploi Salari\u00e9 \u00e0 l\u2019AGEPE (Agence d&rsquo;Etudes et de Promotion de l&rsquo;Emploi) C\u00f4te D\u2019ivoire. Il a \u00e9galement \u00e9t\u00e9 Inspecteur du Travail et des Lois Sociales (Adjam\u00e9, Cocody et Yopougon) \/ Abidjan &#8211; C\u00f4te D\u2019ivoire, du 06 mars 2006 au 05 septembre 2013.<\/p>\t\t\t\t\t\t\t\t<\/div>\n\t\t\t\t<\/div>\n\t\t\t\t\t<\/div>\n\t\t<\/div>\n\t\t\t\t\t<\/div>\n\t\t<\/section>\n\t\t\t\t\t<\/div>\n\t\t<\/div>\n\t\t\t\t\t<\/div>\n\t\t<\/section>\n\t\t\t\t<section class=\"elementor-section elementor-top-section elementor-element elementor-element-20dcb66 pylon-column-stretched-none elementor-section-boxed elementor-section-height-default elementor-section-height-default\" data-id=\"20dcb66\" data-element_type=\"section\" data-e-type=\"section\">\n\t\t\t\t\t\t\t<div class=\"elementor-background-overlay\"><\/div>\n\t\t\t\t\t\t\t<div class=\"elementor-container elementor-column-gap-default\">\n\t\t\t\t\t<div class=\"elementor-column elementor-col-100 elementor-top-column elementor-element elementor-element-64e6b05\" data-id=\"64e6b05\" data-element_type=\"column\" data-e-type=\"column\">\n\t\t\t<div class=\"elementor-widget-wrap elementor-element-populated\">\n\t\t\t\t\t\t<section class=\"elementor-section elementor-inner-section elementor-element elementor-element-2656aac pylon-column-stretched-none elementor-section-boxed elementor-section-height-default elementor-section-height-default\" data-id=\"2656aac\" data-element_type=\"section\" data-e-type=\"section\">\n\t\t\t\t\t\t<div class=\"elementor-container elementor-column-gap-default\">\n\t\t\t\t\t<div class=\"elementor-column elementor-col-50 elementor-inner-column elementor-element elementor-element-a247c4d\" data-id=\"a247c4d\" data-element_type=\"column\" data-e-type=\"column\">\n\t\t\t<div class=\"elementor-widget-wrap elementor-element-populated\">\n\t\t\t\t\t\t<div class=\"elementor-element elementor-element-7eafbdd elementor-widget elementor-widget-pylon_title\" data-id=\"7eafbdd\" data-element_type=\"widget\" data-e-type=\"widget\" data-widget_type=\"pylon_title.default\">\n\t\t\t\t<div class=\"elementor-widget-container\">\n\t\t\t\t\t \r\n        <div class=\"pylon-title\">\r\n            <div class=\"block-title\">\r\n                <p class=\"small-title\">Nos experts<\/p>\r\n                    <h2 class=\"title-block\">Des expertises pluridisciplinaires<\/h2>\r\n                                <\/div>\r\n                                <\/div>\r\n              \t\t\t\t<\/div>\n\t\t\t\t<\/div>\n\t\t\t\t<div class=\"elementor-element elementor-element-7ddff25 elementor-widget elementor-widget-text-editor\" data-id=\"7ddff25\" data-element_type=\"widget\" data-e-type=\"widget\" data-widget_type=\"text-editor.default\">\n\t\t\t\t<div class=\"elementor-widget-container\">\n\t\t\t\t\t\t\t\t\t<p>The Expert Consulting (TEC), ce sont des professionnels exp\u00e9riment\u00e9s du monde du travail. Une \u00e9quipe pluridisciplinaire qui nous permet de mener des missions larges combinant conseil strat\u00e9gique et op\u00e9rationnel, coaching et formations. Cette expertise est renforc\u00e9e par une exp\u00e9rience confirm\u00e9e des interventions en entreprise, notre connaissance approfondie des organisations et la mise \u00e0 jour permanente de nos connaissances. Des atouts permettant ainsi \u00e0 notre cabinet de d\u00e9livrer des prestations \u00e0 forte valeur ajout\u00e9e, des recommandations sur mesure et adapt\u00e9es \u00e0 vos besoins. Notre \u00e9quipe est constitu\u00e9e de :<\/p><p>\u2756 Juristes<br \/>\u2756 Experts en RH et l\u00e9gislation du travail<br \/>\u2756 Comptables<br \/>\u2756 Fiscalistes<br \/>\u2756 Sp\u00e9cialistes en d\u00e9veloppement local<br \/>\u2756 Experts en formation<br \/>\u2756 Coachs en entrepreneuriat<br \/>\u2756 Sp\u00e9cialistes en communication<br \/>\u2756 Data analysts<br \/>\u2756 Et bien d&rsquo;autres experts qualifi\u00e9s<\/p>\t\t\t\t\t\t\t\t<\/div>\n\t\t\t\t<\/div>\n\t\t\t\t\t<\/div>\n\t\t<\/div>\n\t\t\t\t<div class=\"elementor-column elementor-col-50 elementor-inner-column elementor-element elementor-element-10b2a95\" data-id=\"10b2a95\" data-element_type=\"column\" data-e-type=\"column\">\n\t\t\t<div class=\"elementor-widget-wrap elementor-element-populated\">\n\t\t\t\t\t\t<div class=\"elementor-element elementor-element-9df0769 elementor-widget elementor-widget-image\" data-id=\"9df0769\" data-element_type=\"widget\" data-e-type=\"widget\" data-widget_type=\"image.default\">\n\t\t\t\t<div class=\"elementor-widget-container\">\n\t\t\t\t\t\t\t\t\t\t\t\t\t\t\t<img decoding=\"async\" width=\"640\" height=\"958\" src=\"https:\/\/thexpertconsulting.com\/wp-content\/uploads\/2024\/11\/elemt-9-684x1024.jpg\" class=\"attachment-large size-large wp-image-8232\" alt=\"\" srcset=\"https:\/\/thexpertconsulting.com\/wp-content\/uploads\/2024\/11\/elemt-9-684x1024.jpg 684w, https:\/\/thexpertconsulting.com\/wp-content\/uploads\/2024\/11\/elemt-9-200x300.jpg 200w, https:\/\/thexpertconsulting.com\/wp-content\/uploads\/2024\/11\/elemt-9-768x1150.jpg 768w, https:\/\/thexpertconsulting.com\/wp-content\/uploads\/2024\/11\/elemt-9.jpg 1000w\" sizes=\"(max-width: 640px) 100vw, 640px\" \/>\t\t\t\t\t\t\t\t\t\t\t\t\t\t\t<\/div>\n\t\t\t\t<\/div>\n\t\t\t\t\t<\/div>\n\t\t<\/div>\n\t\t\t\t\t<\/div>\n\t\t<\/section>\n\t\t\t\t\t<\/div>\n\t\t<\/div>\n\t\t\t\t\t<\/div>\n\t\t<\/section>\n\t\t\t\t<section class=\"elementor-section elementor-top-section elementor-element elementor-element-8e77a40 elementor-section-stretched pylon-column-stretched-none elementor-section-boxed elementor-section-height-default elementor-section-height-default\" data-id=\"8e77a40\" data-element_type=\"section\" data-e-type=\"section\" data-settings=\"{&quot;background_background&quot;:&quot;classic&quot;,&quot;stretch_section&quot;:&quot;section-stretched&quot;}\">\n\t\t\t\t\t\t\t<div class=\"elementor-background-overlay\"><\/div>\n\t\t\t\t\t\t\t<div class=\"elementor-container elementor-column-gap-default\">\n\t\t\t\t\t<div class=\"elementor-column elementor-col-100 elementor-top-column elementor-element elementor-element-727b023\" data-id=\"727b023\" data-element_type=\"column\" data-e-type=\"column\">\n\t\t\t<div class=\"elementor-widget-wrap\">\n\t\t\t\t\t\t\t<\/div>\n\t\t<\/div>\n\t\t\t\t\t<\/div>\n\t\t<\/section>\n\t\t\t\t<section class=\"elementor-section elementor-top-section elementor-element elementor-element-a97a2b5 pylon-column-stretched-none elementor-section-boxed elementor-section-height-default elementor-section-height-default\" data-id=\"a97a2b5\" data-element_type=\"section\" data-e-type=\"section\">\n\t\t\t\t\t\t<div class=\"elementor-container elementor-column-gap-default\">\n\t\t\t\t\t<div class=\"elementor-column elementor-col-100 elementor-top-column elementor-element elementor-element-286cefc\" data-id=\"286cefc\" data-element_type=\"column\" data-e-type=\"column\">\n\t\t\t<div class=\"elementor-widget-wrap elementor-element-populated\">\n\t\t\t\t\t\t<section class=\"elementor-section elementor-inner-section elementor-element elementor-element-86ae8e0 pylon-column-stretched-none elementor-section-boxed elementor-section-height-default elementor-section-height-default\" data-id=\"86ae8e0\" data-element_type=\"section\" data-e-type=\"section\">\n\t\t\t\t\t\t<div class=\"elementor-container elementor-column-gap-default\">\n\t\t\t\t\t<div class=\"elementor-column elementor-col-50 elementor-inner-column elementor-element elementor-element-501b759\" data-id=\"501b759\" data-element_type=\"column\" data-e-type=\"column\">\n\t\t\t<div class=\"elementor-widget-wrap elementor-element-populated\">\n\t\t\t\t\t\t<div class=\"elementor-element elementor-element-6a87210 elementor-widget elementor-widget-image\" data-id=\"6a87210\" data-element_type=\"widget\" data-e-type=\"widget\" data-widget_type=\"image.default\">\n\t\t\t\t<div class=\"elementor-widget-container\">\n\t\t\t\t\t\t\t\t\t\t\t\t\t\t\t<img decoding=\"async\" src=\"https:\/\/thexpertconsulting.com\/wp-content\/uploads\/elementor\/thumbs\/elemt-10-qxfl27xt731fx81x08yfc4t6bjm4ttw9jgz5luu37o.jpg\" title=\"elemt-10\" alt=\"elemt-10\" loading=\"lazy\" \/>\t\t\t\t\t\t\t\t\t\t\t\t\t\t\t<\/div>\n\t\t\t\t<\/div>\n\t\t\t\t\t<\/div>\n\t\t<\/div>\n\t\t\t\t<div class=\"elementor-column elementor-col-50 elementor-inner-column elementor-element elementor-element-8bfbe64\" data-id=\"8bfbe64\" data-element_type=\"column\" data-e-type=\"column\">\n\t\t\t<div class=\"elementor-widget-wrap elementor-element-populated\">\n\t\t\t\t\t\t<div class=\"elementor-element elementor-element-d897dae elementor-widget elementor-widget-pylon_title\" data-id=\"d897dae\" data-element_type=\"widget\" data-e-type=\"widget\" data-widget_type=\"pylon_title.default\">\n\t\t\t\t<div class=\"elementor-widget-container\">\n\t\t\t\t\t        <div class=\"tagline_and_title_textalign\">\r\n            <span class=\"sec-title-two__tagline\">\r\n                    <i class=\"fa fa-star\"><\/i>\r\n                <span>ACCOMPAGNEMENT &amp; DEVELOPPEMENT                <\/span>\r\n                <\/span><!-- \/.sec-title-two__tagline -->\r\n                <h2 class=\"sec-title-two__title \">Notre Strat\u00e9gie d'intervention <\/h2><!-- \/.sec-title-two__title -->\r\n                <div><\/div>\r\n        <\/div>\r\n                \r\n               \t\t\t\t<\/div>\n\t\t\t\t<\/div>\n\t\t\t\t<div class=\"elementor-element elementor-element-844ffc1 elementor-widget elementor-widget-text-editor\" data-id=\"844ffc1\" data-element_type=\"widget\" data-e-type=\"widget\" data-widget_type=\"text-editor.default\">\n\t\t\t\t<div class=\"elementor-widget-container\">\n\t\t\t\t\t\t\t\t\t<p>La strat\u00e9gie d\u2019intervention du cabinet The Expert Consulting est bas\u00e9e sur une approche participative n\u00e9cessitant une collaboration avec tout l\u2019\u00e9cosyst\u00e8me des collaborateurs et partenaires de l\u2019entreprise. Une approche orient\u00e9e client qui fait ses preuves gr\u00e2ce \u00e0 :<\/p><ol><li><strong>Une approche centr\u00e9e client : Nous co-construisons des solutions adapt\u00e9es \u00e0 vos besoins uniques.<\/strong><\/li><li><strong>Excellence et r\u00e9activit\u00e9 : Des d\u00e9lais respect\u00e9s et des solutions durables<\/strong><\/li><li><strong>Transfert de comp\u00e9tences : Nous renfor\u00e7ons vos \u00e9quipes internes pour une autonomie durable.<\/strong><\/li><li><strong>Confidentialit\u00e9 assur\u00e9e : Une gestion s\u00e9curis\u00e9e de vos donn\u00e9es et projets.<\/strong><\/li><\/ol>\t\t\t\t\t\t\t\t<\/div>\n\t\t\t\t<\/div>\n\t\t\t\t\t<\/div>\n\t\t<\/div>\n\t\t\t\t\t<\/div>\n\t\t<\/section>\n\t\t\t\t\t<\/div>\n\t\t<\/div>\n\t\t\t\t\t<\/div>\n\t\t<\/section>\n\t\t\t\t<\/div>\n\t\t","protected":false},"excerpt":{"rendered":"<p>Pr\u00e9sentation du fondateur M. ULRICH DJE DJE Ulrich est expert en Gestion des Ressources Humaines et L\u00e9gislation du Travail. Administrateur Principal du Travail [&hellip;]<\/p>\n","protected":false},"author":1,"featured_media":0,"parent":0,"menu_order":0,"comment_status":"closed","ping_status":"closed","template":"","meta":{"content-type":"","footnotes":""},"class_list":["post-8206","page","type-page","status-publish","hentry"],"_links":{"self":[{"href":"https:\/\/thexpertconsulting.com\/index.php\/wp-json\/wp\/v2\/pages\/8206","targetHints":{"allow":["GET"]}}],"collection":[{"href":"https:\/\/thexpertconsulting.com\/index.php\/wp-json\/wp\/v2\/pages"}],"about":[{"href":"https:\/\/thexpertconsulting.com\/index.php\/wp-json\/wp\/v2\/types\/page"}],"author":[{"embeddable":true,"href":"https:\/\/thexpertconsulting.com\/index.php\/wp-json\/wp\/v2\/users\/1"}],"replies":[{"embeddable":true,"href":"https:\/\/thexpertconsulting.com\/index.php\/wp-json\/wp\/v2\/comments?post=8206"}],"version-history":[{"count":22,"href":"https:\/\/thexpertconsulting.com\/index.php\/wp-json\/wp\/v2\/pages\/8206\/revisions"}],"predecessor-version":[{"id":8567,"href":"https:\/\/thexpertconsulting.com\/index.php\/wp-json\/wp\/v2\/pages\/8206\/revisions\/8567"}],"wp:attachment":[{"href":"https:\/\/thexpertconsulting.com\/index.php\/wp-json\/wp\/v2\/media?parent=8206"}],"curies":[{"name":"wp","href":"https:\/\/api.w.org\/{rel}","templated":true}]}}